{"id":779,"date":"2024-07-12T14:54:06","date_gmt":"2024-07-12T12:54:06","guid":{"rendered":"https:\/\/kunden.wilkom.net\/pasecon\/?page_id=779"},"modified":"2024-08-07T09:04:50","modified_gmt":"2024-08-07T07:04:50","slug":"media","status":"publish","type":"page","link":"https:\/\/kunden.wilkom.net\/pasecon\/media\/","title":{"rendered":"Media"},"content":{"rendered":"\t\t<div data-elementor-type=\"wp-page\" data-elementor-id=\"779\" class=\"elementor elementor-779\" data-elementor-post-type=\"page\">\n\t\t\t\t<div class=\"elementor-element elementor-element-70867bd e-con-full e-flex e-con e-parent\" data-id=\"70867bd\" data-element_type=\"container\">\n\t\t\t\t<div class=\"elementor-element elementor-element-b531c0b elementor-absolute e-transform elementor-hidden-mobile elementor-view-default elementor-widget elementor-widget-icon\" data-id=\"b531c0b\" data-element_type=\"widget\" data-settings=\"{&quot;_position&quot;:&quot;absolute&quot;,&quot;_transform_translateX_effect&quot;:{&quot;unit&quot;:&quot;%&quot;,&quot;size&quot;:-50,&quot;sizes&quot;:[]},&quot;_transform_translateX_effect_laptop&quot;:{&quot;unit&quot;:&quot;%&quot;,&quot;size&quot;:&quot;&quot;,&quot;sizes&quot;:[]},&quot;_transform_translateX_effect_tablet&quot;:{&quot;unit&quot;:&quot;%&quot;,&quot;size&quot;:&quot;&quot;,&quot;sizes&quot;:[]},&quot;_transform_translateX_effect_mobile&quot;:{&quot;unit&quot;:&quot;%&quot;,&quot;size&quot;:&quot;&quot;,&quot;sizes&quot;:[]},&quot;_transform_translateY_effect&quot;:{&quot;unit&quot;:&quot;px&quot;,&quot;size&quot;:&quot;&quot;,&quot;sizes&quot;:[]},&quot;_transform_translateY_effect_laptop&quot;:{&quot;unit&quot;:&quot;px&quot;,&quot;size&quot;:&quot;&quot;,&quot;sizes&quot;:[]},&quot;_transform_translateY_effect_tablet&quot;:{&quot;unit&quot;:&quot;px&quot;,&quot;size&quot;:&quot;&quot;,&quot;sizes&quot;:[]},&quot;_transform_translateY_effect_mobile&quot;:{&quot;unit&quot;:&quot;px&quot;,&quot;size&quot;:&quot;&quot;,&quot;sizes&quot;:[]}}\" data-widget_type=\"icon.default\">\n\t\t\t\t<div class=\"elementor-widget-container\">\n\t\t\t\t\t<div class=\"elementor-icon-wrapper\">\n\t\t\t<div class=\"elementor-icon\">\n\t\t\t<svg aria-hidden=\"true\" class=\"e-font-icon-svg e-fas-arrow-down\" viewBox=\"0 0 448 512\" xmlns=\"http:\/\/www.w3.org\/2000\/svg\"><path d=\"M413.1 222.5l22.2 22.2c9.4 9.4 9.4 24.6 0 33.9L241 473c-9.4 9.4-24.6 9.4-33.9 0L12.7 278.6c-9.4-9.4-9.4-24.6 0-33.9l22.2-22.2c9.5-9.5 25-9.3 34.3.4L184 343.4V56c0-13.3 10.7-24 24-24h32c13.3 0 24 10.7 24 24v287.4l114.8-120.5c9.3-9.8 24.8-10 34.3-.4z\"><\/path><\/svg>\t\t\t<\/div>\n\t\t<\/div>\n\t\t\t\t<\/div>\n\t\t\t\t<\/div>\n\t\t\t\t<div class=\"elementor-element elementor-element-802422e elementor-widget elementor-widget-image\" data-id=\"802422e\" data-element_type=\"widget\" data-widget_type=\"image.default\">\n\t\t\t\t<div class=\"elementor-widget-container\">\n\t\t\t<style>\/*! elementor - v3.23.0 - 05-08-2024 *\/\n.elementor-widget-image{text-align:center}.elementor-widget-image a{display:inline-block}.elementor-widget-image a img[src$=\".svg\"]{width:48px}.elementor-widget-image img{vertical-align:middle;display:inline-block}<\/style>\t\t\t\t\t\t\t\t\t\t<img fetchpriority=\"high\" decoding=\"async\" width=\"2000\" height=\"1500\" src=\"https:\/\/kunden.wilkom.net\/pasecon\/wp-content\/uploads\/2024\/07\/roter-teppich.jpg\" class=\"attachment-full size-full wp-image-850\" alt=\"\" srcset=\"https:\/\/kunden.wilkom.net\/pasecon\/wp-content\/uploads\/2024\/07\/roter-teppich.jpg 2000w, https:\/\/kunden.wilkom.net\/pasecon\/wp-content\/uploads\/2024\/07\/roter-teppich-300x225.jpg 300w, https:\/\/kunden.wilkom.net\/pasecon\/wp-content\/uploads\/2024\/07\/roter-teppich-1024x768.jpg 1024w, https:\/\/kunden.wilkom.net\/pasecon\/wp-content\/uploads\/2024\/07\/roter-teppich-768x576.jpg 768w, https:\/\/kunden.wilkom.net\/pasecon\/wp-content\/uploads\/2024\/07\/roter-teppich-1536x1152.jpg 1536w\" sizes=\"(max-width: 2000px) 100vw, 2000px\" \/>\t\t\t\t\t\t\t\t\t\t\t\t\t<\/div>\n\t\t\t\t<\/div>\n\t\t<div class=\"elementor-element elementor-element-90e78a6 elementor-hidden-mobile e-flex e-con-boxed e-con e-child\" data-id=\"90e78a6\" data-element_type=\"container\" id=\"desk-headline\" data-settings=\"{&quot;position&quot;:&quot;absolute&quot;}\">\n\t\t\t\t\t<div class=\"e-con-inner\">\n\t\t\t\t<div class=\"elementor-element elementor-element-44b2d92 elementor-widget elementor-widget-heading\" data-id=\"44b2d92\" data-element_type=\"widget\" data-widget_type=\"heading.default\">\n\t\t\t\t<div class=\"elementor-widget-container\">\n\t\t\t<style>\/*! elementor - v3.23.0 - 05-08-2024 *\/\n.elementor-heading-title{padding:0;margin:0;line-height:1}.elementor-widget-heading .elementor-heading-title[class*=elementor-size-]>a{color:inherit;font-size:inherit;line-height:inherit}.elementor-widget-heading .elementor-heading-title.elementor-size-small{font-size:15px}.elementor-widget-heading .elementor-heading-title.elementor-size-medium{font-size:19px}.elementor-widget-heading .elementor-heading-title.elementor-size-large{font-size:29px}.elementor-widget-heading .elementor-heading-title.elementor-size-xl{font-size:39px}.elementor-widget-heading .elementor-heading-title.elementor-size-xxl{font-size:59px}<\/style><h1 class=\"elementor-heading-title elementor-size-default\">Media<\/h1>\t\t<\/div>\n\t\t\t\t<\/div>\n\t\t\t\t\t<\/div>\n\t\t\t\t<\/div>\n\t\t<div class=\"elementor-element elementor-element-573e576 e-flex e-con-boxed e-con e-child\" data-id=\"573e576\" data-element_type=\"container\" data-settings=\"{&quot;position&quot;:&quot;absolute&quot;}\">\n\t\t\t\t\t<div class=\"e-con-inner\">\n\t\t\t\t<div class=\"elementor-element elementor-element-a4919bb elementor-hidden-desktop elementor-hidden-laptop elementor-hidden-tablet elementor-widget elementor-widget-heading\" data-id=\"a4919bb\" data-element_type=\"widget\" data-widget_type=\"heading.default\">\n\t\t\t\t<div class=\"elementor-widget-container\">\n\t\t\t<h1 class=\"elementor-heading-title elementor-size-default\">Media<\/h1>\t\t<\/div>\n\t\t\t\t<\/div>\n\t\t\t\t\t<\/div>\n\t\t\t\t<\/div>\n\t\t\t\t<\/div>\n\t\t<div class=\"elementor-element elementor-element-978d3d2 e-flex e-con-boxed e-con e-parent\" data-id=\"978d3d2\" data-element_type=\"container\">\n\t\t\t\t\t<div class=\"e-con-inner\">\n\t\t<div class=\"elementor-element elementor-element-342e524 e-con-full e-flex e-con e-child\" data-id=\"342e524\" data-element_type=\"container\">\n\t\t\t\t<div class=\"elementor-element elementor-element-5f334a3 elementor-widget elementor-widget-heading\" data-id=\"5f334a3\" data-element_type=\"widget\" data-widget_type=\"heading.default\">\n\t\t\t\t<div class=\"elementor-widget-container\">\n\t\t\t<h3 class=\"elementor-heading-title elementor-size-default\">Entdecken Sie PASECON in den Medien<\/h3>\t\t<\/div>\n\t\t\t\t<\/div>\n\t\t\t\t<\/div>\n\t\t<div class=\"elementor-element elementor-element-1186656 e-con-full e-flex e-con e-child\" data-id=\"1186656\" data-element_type=\"container\">\n\t\t\t\t<div class=\"elementor-element elementor-element-5428b5b elementor-widget elementor-widget-text-editor\" data-id=\"5428b5b\" data-element_type=\"widget\" data-widget_type=\"text-editor.default\">\n\t\t\t\t<div class=\"elementor-widget-container\">\n\t\t\t<style>\/*! elementor - v3.23.0 - 05-08-2024 *\/\n.elementor-widget-text-editor.elementor-drop-cap-view-stacked .elementor-drop-cap{background-color:#69727d;color:#fff}.elementor-widget-text-editor.elementor-drop-cap-view-framed .elementor-drop-cap{color:#69727d;border:3px solid;background-color:transparent}.elementor-widget-text-editor:not(.elementor-drop-cap-view-default) .elementor-drop-cap{margin-top:8px}.elementor-widget-text-editor:not(.elementor-drop-cap-view-default) .elementor-drop-cap-letter{width:1em;height:1em}.elementor-widget-text-editor .elementor-drop-cap{float:left;text-align:center;line-height:1;font-size:50px}.elementor-widget-text-editor .elementor-drop-cap-letter{display:inline-block}<\/style>\t\t\t\t<p>Unsere Expertise im Sicherheitsdienst wurde bereits vielfach thematisiert und positiv bewertet. Von namhaften Publikationen bis zu lokalen Berichten \u2013 die innovativen Ans\u00e4tze und unser Engagement f\u00fcr Sicherheit sind \u00fcberall pr\u00e4sent. Erfahren Sie mehr dar\u00fcber, wie wir die Standards in der Sicherheitsbranche setzen und unsere Kunden sch\u00fctzen.<\/p>\t\t\t\t\t\t<\/div>\n\t\t\t\t<\/div>\n\t\t\t\t<\/div>\n\t\t\t\t\t<\/div>\n\t\t\t\t<\/div>\n\t\t<div class=\"elementor-element elementor-element-3a829b0 e-flex e-con-boxed e-con e-parent\" data-id=\"3a829b0\" data-element_type=\"container\">\n\t\t\t\t\t<div class=\"e-con-inner\">\n\t\t\t\t<div class=\"elementor-element elementor-element-193c2af elementor-widget elementor-widget-heading\" data-id=\"193c2af\" data-element_type=\"widget\" data-widget_type=\"heading.default\">\n\t\t\t\t<div class=\"elementor-widget-container\">\n\t\t\t<h3 class=\"elementor-heading-title elementor-size-default\">Neuste Beitr\u00e4ge:<\/h3>\t\t<\/div>\n\t\t\t\t<\/div>\n\t\t\t\t\t<\/div>\n\t\t\t\t<\/div>\n\t\t<div class=\"elementor-element elementor-element-242ae47 e-flex e-con-boxed e-con e-parent\" data-id=\"242ae47\" data-element_type=\"container\">\n\t\t\t\t\t<div class=\"e-con-inner\">\n\t\t\t\t<div class=\"elementor-element elementor-element-c62cd4c elementor-grid-3 elementor-grid-tablet-2 elementor-grid-mobile-1 elementor-posts--thumbnail-top elementor-card-shadow-yes elementor-posts__hover-gradient elementor-widget elementor-widget-posts\" data-id=\"c62cd4c\" data-element_type=\"widget\" data-settings=\"{&quot;cards_columns&quot;:&quot;3&quot;,&quot;cards_columns_tablet&quot;:&quot;2&quot;,&quot;cards_columns_mobile&quot;:&quot;1&quot;,&quot;cards_row_gap&quot;:{&quot;unit&quot;:&quot;px&quot;,&quot;size&quot;:35,&quot;sizes&quot;:[]},&quot;cards_row_gap_laptop&quot;:{&quot;unit&quot;:&quot;px&quot;,&quot;size&quot;:&quot;&quot;,&quot;sizes&quot;:[]},&quot;cards_row_gap_tablet&quot;:{&quot;unit&quot;:&quot;px&quot;,&quot;size&quot;:&quot;&quot;,&quot;sizes&quot;:[]},&quot;cards_row_gap_mobile&quot;:{&quot;unit&quot;:&quot;px&quot;,&quot;size&quot;:&quot;&quot;,&quot;sizes&quot;:[]}}\" data-widget_type=\"posts.cards\">\n\t\t\t\t<div class=\"elementor-widget-container\">\n\t\t\t<link rel=\"stylesheet\" href=\"https:\/\/kunden.wilkom.net\/pasecon\/wp-content\/plugins\/elementor-pro\/assets\/css\/widget-posts.min.css?ver=1723036488\">\t\t<div class=\"elementor-posts-container elementor-posts elementor-posts--skin-cards elementor-grid\">\n\t\t\t\t<article class=\"elementor-post elementor-grid-item post-894 post type-post status-publish format-standard has-post-thumbnail hentry category-allgemein\">\n\t\t\t<div class=\"elementor-post__card\">\n\t\t\t\t<a class=\"elementor-post__thumbnail__link\" href=\"https:\/\/kunden.wilkom.net\/pasecon\/daniel-schneider-im-interview-2\/\" tabindex=\"-1\" ><div class=\"elementor-post__thumbnail\"><img decoding=\"async\" width=\"300\" height=\"300\" src=\"https:\/\/kunden.wilkom.net\/pasecon\/wp-content\/uploads\/2024\/07\/radio-hanau-300x300.jpg\" class=\"attachment-medium size-medium wp-image-899\" alt=\"\" srcset=\"https:\/\/kunden.wilkom.net\/pasecon\/wp-content\/uploads\/2024\/07\/radio-hanau-300x300.jpg 300w, https:\/\/kunden.wilkom.net\/pasecon\/wp-content\/uploads\/2024\/07\/radio-hanau-150x150.jpg 150w, https:\/\/kunden.wilkom.net\/pasecon\/wp-content\/uploads\/2024\/07\/radio-hanau.jpg 500w\" sizes=\"(max-width: 300px) 100vw, 300px\" \/><\/div><\/a>\n\t\t\t\t<div class=\"elementor-post__text\">\n\t\t\t\t<h3 class=\"elementor-post__title\">\n\t\t\t<a href=\"https:\/\/kunden.wilkom.net\/pasecon\/daniel-schneider-im-interview-2\/\" >\n\t\t\t\tDaniel Schneider im Interview\t\t\t<\/a>\n\t\t<\/h3>\n\t\t\n\t\t<a class=\"elementor-post__read-more\" href=\"https:\/\/kunden.wilkom.net\/pasecon\/daniel-schneider-im-interview-2\/\" aria-label=\"Read more about Daniel Schneider im Interview\" tabindex=\"-1\" >\n\t\t\tmehr erfahren \u00bb\t\t<\/a>\n\n\t\t\t\t<\/div>\n\t\t\t\t<div class=\"elementor-post__meta-data\">\n\t\t\t\t\t<span class=\"elementor-post-date\">\n\t\t\t6. August 2024\t\t<\/span>\n\t\t\t\t<\/div>\n\t\t\t\t\t<\/div>\n\t\t<\/article>\n\t\t\t\t<article class=\"elementor-post elementor-grid-item post-1399 post type-post status-publish format-standard has-post-thumbnail hentry category-allgemein\">\n\t\t\t<div class=\"elementor-post__card\">\n\t\t\t\t<a class=\"elementor-post__thumbnail__link\" href=\"https:\/\/kunden.wilkom.net\/pasecon\/eintrag-der-wortmarke\/\" tabindex=\"-1\" ><div class=\"elementor-post__thumbnail\"><img decoding=\"async\" width=\"212\" height=\"300\" src=\"https:\/\/kunden.wilkom.net\/pasecon\/wp-content\/uploads\/2024\/08\/Wortmarke-PASECON-3020232394231-1-pdf-212x300.jpg\" class=\"attachment-medium size-medium wp-image-1400\" alt=\"Urkunde \u00fcber die Eintragung der Marke PASECON\" srcset=\"https:\/\/kunden.wilkom.net\/pasecon\/wp-content\/uploads\/2024\/08\/Wortmarke-PASECON-3020232394231-1-pdf-212x300.jpg 212w, https:\/\/kunden.wilkom.net\/pasecon\/wp-content\/uploads\/2024\/08\/Wortmarke-PASECON-3020232394231-1-pdf-724x1024.jpg 724w, https:\/\/kunden.wilkom.net\/pasecon\/wp-content\/uploads\/2024\/08\/Wortmarke-PASECON-3020232394231-1-pdf-768x1087.jpg 768w, https:\/\/kunden.wilkom.net\/pasecon\/wp-content\/uploads\/2024\/08\/Wortmarke-PASECON-3020232394231-1-pdf.jpg 1058w\" sizes=\"(max-width: 212px) 100vw, 212px\" \/><\/div><\/a>\n\t\t\t\t<div class=\"elementor-post__text\">\n\t\t\t\t<h3 class=\"elementor-post__title\">\n\t\t\t<a href=\"https:\/\/kunden.wilkom.net\/pasecon\/eintrag-der-wortmarke\/\" >\n\t\t\t\tEintrag der Wortmarke\t\t\t<\/a>\n\t\t<\/h3>\n\t\t\n\t\t<a class=\"elementor-post__read-more\" href=\"https:\/\/kunden.wilkom.net\/pasecon\/eintrag-der-wortmarke\/\" aria-label=\"Read more about Eintrag der Wortmarke\" tabindex=\"-1\" >\n\t\t\tmehr erfahren \u00bb\t\t<\/a>\n\n\t\t\t\t<\/div>\n\t\t\t\t<div class=\"elementor-post__meta-data\">\n\t\t\t\t\t<span class=\"elementor-post-date\">\n\t\t\t6. August 2024\t\t<\/span>\n\t\t\t\t<\/div>\n\t\t\t\t\t<\/div>\n\t\t<\/article>\n\t\t\t\t<article class=\"elementor-post elementor-grid-item post-1353 post type-post status-publish format-standard has-post-thumbnail hentry category-allgemein\">\n\t\t\t<div class=\"elementor-post__card\">\n\t\t\t\t<a class=\"elementor-post__thumbnail__link\" href=\"https:\/\/kunden.wilkom.net\/pasecon\/daniel-schneider-im-interview\/\" tabindex=\"-1\" ><div class=\"elementor-post__thumbnail\"><img loading=\"lazy\" decoding=\"async\" width=\"300\" height=\"212\" src=\"https:\/\/kunden.wilkom.net\/pasecon\/wp-content\/uploads\/2024\/08\/wisy_dropdown-300x212.png\" class=\"attachment-medium size-medium wp-image-1354\" alt=\"\" srcset=\"https:\/\/kunden.wilkom.net\/pasecon\/wp-content\/uploads\/2024\/08\/wisy_dropdown-300x212.png 300w, https:\/\/kunden.wilkom.net\/pasecon\/wp-content\/uploads\/2024\/08\/wisy_dropdown-1024x723.png 1024w, https:\/\/kunden.wilkom.net\/pasecon\/wp-content\/uploads\/2024\/08\/wisy_dropdown-768x542.png 768w, https:\/\/kunden.wilkom.net\/pasecon\/wp-content\/uploads\/2024\/08\/wisy_dropdown-1536x1084.png 1536w, https:\/\/kunden.wilkom.net\/pasecon\/wp-content\/uploads\/2024\/08\/wisy_dropdown.png 1812w\" sizes=\"(max-width: 300px) 100vw, 300px\" \/><\/div><\/a>\n\t\t\t\t<div class=\"elementor-post__text\">\n\t\t\t\t<h3 class=\"elementor-post__title\">\n\t\t\t<a href=\"https:\/\/kunden.wilkom.net\/pasecon\/daniel-schneider-im-interview\/\" >\n\t\t\t\tIHK Bericht\t\t\t<\/a>\n\t\t<\/h3>\n\t\t\n\t\t<a class=\"elementor-post__read-more\" href=\"https:\/\/kunden.wilkom.net\/pasecon\/daniel-schneider-im-interview\/\" aria-label=\"Read more about IHK Bericht\" tabindex=\"-1\" >\n\t\t\tmehr erfahren \u00bb\t\t<\/a>\n\n\t\t\t\t<\/div>\n\t\t\t\t<div class=\"elementor-post__meta-data\">\n\t\t\t\t\t<span class=\"elementor-post-date\">\n\t\t\t6. August 2024\t\t<\/span>\n\t\t\t\t<\/div>\n\t\t\t\t\t<\/div>\n\t\t<\/article>\n\t\t\t\t<article class=\"elementor-post elementor-grid-item post-1390 post type-post status-publish format-standard has-post-thumbnail hentry category-allgemein\">\n\t\t\t<div class=\"elementor-post__card\">\n\t\t\t\t<a class=\"elementor-post__thumbnail__link\" href=\"https:\/\/kunden.wilkom.net\/pasecon\/dankschreiben-des-hanauer-immobilien-und-baumanagements\/\" tabindex=\"-1\" ><div class=\"elementor-post__thumbnail\"><img loading=\"lazy\" decoding=\"async\" width=\"300\" height=\"212\" src=\"https:\/\/kunden.wilkom.net\/pasecon\/wp-content\/uploads\/2024\/08\/Sineo_Urkunde-1-pdf-1-300x212.jpg\" class=\"attachment-medium size-medium wp-image-1391\" alt=\"Urkunde Hanau Immobilien PASECON\" srcset=\"https:\/\/kunden.wilkom.net\/pasecon\/wp-content\/uploads\/2024\/08\/Sineo_Urkunde-1-pdf-1-300x212.jpg 300w, https:\/\/kunden.wilkom.net\/pasecon\/wp-content\/uploads\/2024\/08\/Sineo_Urkunde-1-pdf-1-1024x724.jpg 1024w, https:\/\/kunden.wilkom.net\/pasecon\/wp-content\/uploads\/2024\/08\/Sineo_Urkunde-1-pdf-1-768x543.jpg 768w, https:\/\/kunden.wilkom.net\/pasecon\/wp-content\/uploads\/2024\/08\/Sineo_Urkunde-1-pdf-1.jpg 1497w\" sizes=\"(max-width: 300px) 100vw, 300px\" \/><\/div><\/a>\n\t\t\t\t<div class=\"elementor-post__text\">\n\t\t\t\t<h3 class=\"elementor-post__title\">\n\t\t\t<a href=\"https:\/\/kunden.wilkom.net\/pasecon\/dankschreiben-des-hanauer-immobilien-und-baumanagements\/\" >\n\t\t\t\tDankschreiben des Hanauer Immobilien- und Baumanagements\t\t\t<\/a>\n\t\t<\/h3>\n\t\t\n\t\t<a class=\"elementor-post__read-more\" href=\"https:\/\/kunden.wilkom.net\/pasecon\/dankschreiben-des-hanauer-immobilien-und-baumanagements\/\" aria-label=\"Read more about Dankschreiben des Hanauer Immobilien- und Baumanagements\" tabindex=\"-1\" >\n\t\t\tmehr erfahren \u00bb\t\t<\/a>\n\n\t\t\t\t<\/div>\n\t\t\t\t<div class=\"elementor-post__meta-data\">\n\t\t\t\t\t<span class=\"elementor-post-date\">\n\t\t\t1. August 2024\t\t<\/span>\n\t\t\t\t<\/div>\n\t\t\t\t\t<\/div>\n\t\t<\/article>\n\t\t\t\t<article class=\"elementor-post elementor-grid-item post-1383 post type-post status-publish format-standard has-post-thumbnail hentry category-allgemein\">\n\t\t\t<div class=\"elementor-post__card\">\n\t\t\t\t<a class=\"elementor-post__thumbnail__link\" href=\"https:\/\/kunden.wilkom.net\/pasecon\/dankschreiben-des-magistrats-der-stadt-bruchkoebel\/\" tabindex=\"-1\" ><div class=\"elementor-post__thumbnail\"><img loading=\"lazy\" decoding=\"async\" width=\"211\" height=\"300\" src=\"https:\/\/kunden.wilkom.net\/pasecon\/wp-content\/uploads\/2024\/08\/urkunde-stadt-bruchkoebel-211x300.png\" class=\"attachment-medium size-medium wp-image-1384\" alt=\"Urkunde Magistrat der Stadt Bruchk\u00f6bel PASECON\" srcset=\"https:\/\/kunden.wilkom.net\/pasecon\/wp-content\/uploads\/2024\/08\/urkunde-stadt-bruchkoebel-211x300.png 211w, https:\/\/kunden.wilkom.net\/pasecon\/wp-content\/uploads\/2024\/08\/urkunde-stadt-bruchkoebel-721x1024.png 721w, https:\/\/kunden.wilkom.net\/pasecon\/wp-content\/uploads\/2024\/08\/urkunde-stadt-bruchkoebel-768x1090.png 768w, https:\/\/kunden.wilkom.net\/pasecon\/wp-content\/uploads\/2024\/08\/urkunde-stadt-bruchkoebel.png 872w\" sizes=\"(max-width: 211px) 100vw, 211px\" \/><\/div><\/a>\n\t\t\t\t<div class=\"elementor-post__text\">\n\t\t\t\t<h3 class=\"elementor-post__title\">\n\t\t\t<a href=\"https:\/\/kunden.wilkom.net\/pasecon\/dankschreiben-des-magistrats-der-stadt-bruchkoebel\/\" >\n\t\t\t\tDankschreiben des Magistrats der Stadt Bruchk\u00f6bel\t\t\t<\/a>\n\t\t<\/h3>\n\t\t\n\t\t<a class=\"elementor-post__read-more\" href=\"https:\/\/kunden.wilkom.net\/pasecon\/dankschreiben-des-magistrats-der-stadt-bruchkoebel\/\" aria-label=\"Read more about Dankschreiben des Magistrats der Stadt Bruchk\u00f6bel\" tabindex=\"-1\" >\n\t\t\tmehr erfahren \u00bb\t\t<\/a>\n\n\t\t\t\t<\/div>\n\t\t\t\t<div class=\"elementor-post__meta-data\">\n\t\t\t\t\t<span class=\"elementor-post-date\">\n\t\t\t1. August 2024\t\t<\/span>\n\t\t\t\t<\/div>\n\t\t\t\t\t<\/div>\n\t\t<\/article>\n\t\t\t\t<article class=\"elementor-post elementor-grid-item post-1370 post type-post status-publish format-standard has-post-thumbnail hentry category-allgemein\">\n\t\t\t<div class=\"elementor-post__card\">\n\t\t\t\t<a class=\"elementor-post__thumbnail__link\" href=\"https:\/\/kunden.wilkom.net\/pasecon\/ihk-bericht\/\" tabindex=\"-1\" ><div class=\"elementor-post__thumbnail\"><img loading=\"lazy\" decoding=\"async\" width=\"300\" height=\"225\" src=\"https:\/\/kunden.wilkom.net\/pasecon\/wp-content\/uploads\/2024\/07\/pasecon-fussball-charity-300x225.jpg\" class=\"attachment-medium size-medium wp-image-534\" alt=\"\" srcset=\"https:\/\/kunden.wilkom.net\/pasecon\/wp-content\/uploads\/2024\/07\/pasecon-fussball-charity-300x225.jpg 300w, https:\/\/kunden.wilkom.net\/pasecon\/wp-content\/uploads\/2024\/07\/pasecon-fussball-charity-1024x768.jpg 1024w, https:\/\/kunden.wilkom.net\/pasecon\/wp-content\/uploads\/2024\/07\/pasecon-fussball-charity-768x576.jpg 768w, https:\/\/kunden.wilkom.net\/pasecon\/wp-content\/uploads\/2024\/07\/pasecon-fussball-charity.jpg 1500w\" sizes=\"(max-width: 300px) 100vw, 300px\" \/><\/div><\/a>\n\t\t\t\t<div class=\"elementor-post__text\">\n\t\t\t\t<h3 class=\"elementor-post__title\">\n\t\t\t<a href=\"https:\/\/kunden.wilkom.net\/pasecon\/ihk-bericht\/\" >\n\t\t\t\tNeuer Trikotsponsor bei der U17 des FC Erlensee\t\t\t<\/a>\n\t\t<\/h3>\n\t\t\n\t\t<a class=\"elementor-post__read-more\" href=\"https:\/\/kunden.wilkom.net\/pasecon\/ihk-bericht\/\" aria-label=\"Read more about Neuer Trikotsponsor bei der U17 des FC Erlensee\" tabindex=\"-1\" >\n\t\t\tmehr erfahren \u00bb\t\t<\/a>\n\n\t\t\t\t<\/div>\n\t\t\t\t<div class=\"elementor-post__meta-data\">\n\t\t\t\t\t<span class=\"elementor-post-date\">\n\t\t\t1. November 2011\t\t<\/span>\n\t\t\t\t<\/div>\n\t\t\t\t\t<\/div>\n\t\t<\/article>\n\t\t\t\t<\/div>\n\t\t\n\t\t\t\t<\/div>\n\t\t\t\t<\/div>\n\t\t\t\t\t<\/div>\n\t\t\t\t<\/div>\n\t\t<div class=\"elementor-element elementor-element-826e333 e-flex e-con-boxed e-con e-parent\" data-id=\"826e333\" data-element_type=\"container\">\n\t\t\t\t\t<div class=\"e-con-inner\">\n\t\t\t\t<div class=\"elementor-element elementor-element-f939481 elementor-widget elementor-widget-spacer\" data-id=\"f939481\" data-element_type=\"widget\" data-widget_type=\"spacer.default\">\n\t\t\t\t<div class=\"elementor-widget-container\">\n\t\t\t<style>\/*! elementor - v3.23.0 - 05-08-2024 *\/\n.elementor-column .elementor-spacer-inner{height:var(--spacer-size)}.e-con{--container-widget-width:100%}.e-con-inner>.elementor-widget-spacer,.e-con>.elementor-widget-spacer{width:var(--container-widget-width,var(--spacer-size));--align-self:var(--container-widget-align-self,initial);--flex-shrink:0}.e-con-inner>.elementor-widget-spacer>.elementor-widget-container,.e-con>.elementor-widget-spacer>.elementor-widget-container{height:100%;width:100%}.e-con-inner>.elementor-widget-spacer>.elementor-widget-container>.elementor-spacer,.e-con>.elementor-widget-spacer>.elementor-widget-container>.elementor-spacer{height:100%}.e-con-inner>.elementor-widget-spacer>.elementor-widget-container>.elementor-spacer>.elementor-spacer-inner,.e-con>.elementor-widget-spacer>.elementor-widget-container>.elementor-spacer>.elementor-spacer-inner{height:var(--container-widget-height,var(--spacer-size))}.e-con-inner>.elementor-widget-spacer.elementor-widget-empty,.e-con>.elementor-widget-spacer.elementor-widget-empty{position:relative;min-height:22px;min-width:22px}.e-con-inner>.elementor-widget-spacer.elementor-widget-empty .elementor-widget-empty-icon,.e-con>.elementor-widget-spacer.elementor-widget-empty .elementor-widget-empty-icon{position:absolute;top:0;bottom:0;left:0;right:0;margin:auto;padding:0;width:22px;height:22px}<\/style>\t\t<div class=\"elementor-spacer\">\n\t\t\t<div class=\"elementor-spacer-inner\"><\/div>\n\t\t<\/div>\n\t\t\t\t<\/div>\n\t\t\t\t<\/div>\n\t\t\t\t\t<\/div>\n\t\t\t\t<\/div>\n\t\t\t\t<\/div>\n\t\t","protected":false},"excerpt":{"rendered":"<p>Media Media Entdecken Sie PASECON in den Medien Unsere Expertise im Sicherheitsdienst wurde bereits vielfach thematisiert und positiv bewertet. Von namhaften Publikationen bis zu lokalen<\/p>\n","protected":false},"author":1,"featured_media":0,"parent":0,"menu_order":0,"comment_status":"closed","ping_status":"closed","template":"","meta":{"footnotes":""},"class_list":["post-779","page","type-page","status-publish","hentry"],"_links":{"self":[{"href":"https:\/\/kunden.wilkom.net\/pasecon\/wp-json\/wp\/v2\/pages\/779","targetHints":{"allow":["GET"]}}],"collection":[{"href":"https:\/\/kunden.wilkom.net\/pasecon\/wp-json\/wp\/v2\/pages"}],"about":[{"href":"https:\/\/kunden.wilkom.net\/pasecon\/wp-json\/wp\/v2\/types\/page"}],"author":[{"embeddable":true,"href":"https:\/\/kunden.wilkom.net\/pasecon\/wp-json\/wp\/v2\/users\/1"}],"replies":[{"embeddable":true,"href":"https:\/\/kunden.wilkom.net\/pasecon\/wp-json\/wp\/v2\/comments?post=779"}],"version-history":[{"count":34,"href":"https:\/\/kunden.wilkom.net\/pasecon\/wp-json\/wp\/v2\/pages\/779\/revisions"}],"predecessor-version":[{"id":1540,"href":"https:\/\/kunden.wilkom.net\/pasecon\/wp-json\/wp\/v2\/pages\/779\/revisions\/1540"}],"wp:attachment":[{"href":"https:\/\/kunden.wilkom.net\/pasecon\/wp-json\/wp\/v2\/media?parent=779"}],"curies":[{"name":"wp","href":"https:\/\/api.w.org\/{rel}","templated":true}]}}