{"id":513,"date":"2024-07-11T10:10:44","date_gmt":"2024-07-11T08:10:44","guid":{"rendered":"https:\/\/kunden.wilkom.net\/pasecon\/?page_id=513"},"modified":"2024-08-07T14:52:07","modified_gmt":"2024-08-07T12:52:07","slug":"charity","status":"publish","type":"page","link":"https:\/\/kunden.wilkom.net\/pasecon\/charity\/","title":{"rendered":"Charity"},"content":{"rendered":"\t\t<div data-elementor-type=\"wp-page\" data-elementor-id=\"513\" class=\"elementor elementor-513\" data-elementor-post-type=\"page\">\n\t\t\t\t<div class=\"elementor-element elementor-element-70867bd e-con-full e-flex e-con e-parent\" data-id=\"70867bd\" data-element_type=\"container\">\n\t\t\t\t<div class=\"elementor-element elementor-element-b531c0b elementor-absolute e-transform elementor-hidden-mobile elementor-view-default elementor-widget elementor-widget-icon\" data-id=\"b531c0b\" data-element_type=\"widget\" data-settings=\"{&quot;_position&quot;:&quot;absolute&quot;,&quot;_transform_translateX_effect&quot;:{&quot;unit&quot;:&quot;%&quot;,&quot;size&quot;:-50,&quot;sizes&quot;:[]},&quot;_transform_translateX_effect_laptop&quot;:{&quot;unit&quot;:&quot;%&quot;,&quot;size&quot;:&quot;&quot;,&quot;sizes&quot;:[]},&quot;_transform_translateX_effect_tablet&quot;:{&quot;unit&quot;:&quot;%&quot;,&quot;size&quot;:&quot;&quot;,&quot;sizes&quot;:[]},&quot;_transform_translateX_effect_mobile&quot;:{&quot;unit&quot;:&quot;%&quot;,&quot;size&quot;:&quot;&quot;,&quot;sizes&quot;:[]},&quot;_transform_translateY_effect&quot;:{&quot;unit&quot;:&quot;px&quot;,&quot;size&quot;:&quot;&quot;,&quot;sizes&quot;:[]},&quot;_transform_translateY_effect_laptop&quot;:{&quot;unit&quot;:&quot;px&quot;,&quot;size&quot;:&quot;&quot;,&quot;sizes&quot;:[]},&quot;_transform_translateY_effect_tablet&quot;:{&quot;unit&quot;:&quot;px&quot;,&quot;size&quot;:&quot;&quot;,&quot;sizes&quot;:[]},&quot;_transform_translateY_effect_mobile&quot;:{&quot;unit&quot;:&quot;px&quot;,&quot;size&quot;:&quot;&quot;,&quot;sizes&quot;:[]}}\" data-widget_type=\"icon.default\">\n\t\t\t\t<div class=\"elementor-widget-container\">\n\t\t\t\t\t<div class=\"elementor-icon-wrapper\">\n\t\t\t<div class=\"elementor-icon\">\n\t\t\t<svg aria-hidden=\"true\" class=\"e-font-icon-svg e-fas-arrow-down\" viewBox=\"0 0 448 512\" xmlns=\"http:\/\/www.w3.org\/2000\/svg\"><path d=\"M413.1 222.5l22.2 22.2c9.4 9.4 9.4 24.6 0 33.9L241 473c-9.4 9.4-24.6 9.4-33.9 0L12.7 278.6c-9.4-9.4-9.4-24.6 0-33.9l22.2-22.2c9.5-9.5 25-9.3 34.3.4L184 343.4V56c0-13.3 10.7-24 24-24h32c13.3 0 24 10.7 24 24v287.4l114.8-120.5c9.3-9.8 24.8-10 34.3-.4z\"><\/path><\/svg>\t\t\t<\/div>\n\t\t<\/div>\n\t\t\t\t<\/div>\n\t\t\t\t<\/div>\n\t\t\t\t<div class=\"elementor-element elementor-element-802422e elementor-widget elementor-widget-image\" data-id=\"802422e\" data-element_type=\"widget\" data-widget_type=\"image.default\">\n\t\t\t\t<div class=\"elementor-widget-container\">\n\t\t\t<style>\/*! elementor - v3.23.0 - 05-08-2024 *\/\n.elementor-widget-image{text-align:center}.elementor-widget-image a{display:inline-block}.elementor-widget-image a img[src$=\".svg\"]{width:48px}.elementor-widget-image img{vertical-align:middle;display:inline-block}<\/style>\t\t\t\t\t\t\t\t\t\t<img fetchpriority=\"high\" decoding=\"async\" width=\"1500\" height=\"1062\" src=\"https:\/\/kunden.wilkom.net\/pasecon\/wp-content\/uploads\/2024\/08\/charity_re-1-e1723032408548.jpg\" class=\"attachment-full size-full wp-image-1608\" alt=\"Magic Johnson und Daniel Schneider\" srcset=\"https:\/\/kunden.wilkom.net\/pasecon\/wp-content\/uploads\/2024\/08\/charity_re-1-e1723032408548.jpg 1500w, https:\/\/kunden.wilkom.net\/pasecon\/wp-content\/uploads\/2024\/08\/charity_re-1-e1723032408548-300x212.jpg 300w, https:\/\/kunden.wilkom.net\/pasecon\/wp-content\/uploads\/2024\/08\/charity_re-1-e1723032408548-1024x725.jpg 1024w, https:\/\/kunden.wilkom.net\/pasecon\/wp-content\/uploads\/2024\/08\/charity_re-1-e1723032408548-768x544.jpg 768w\" sizes=\"(max-width: 1500px) 100vw, 1500px\" \/>\t\t\t\t\t\t\t\t\t\t\t\t\t<\/div>\n\t\t\t\t<\/div>\n\t\t<div class=\"elementor-element elementor-element-90e78a6 elementor-hidden-mobile e-flex e-con-boxed e-con e-child\" data-id=\"90e78a6\" data-element_type=\"container\" id=\"desk-headline\" data-settings=\"{&quot;position&quot;:&quot;absolute&quot;}\">\n\t\t\t\t\t<div class=\"e-con-inner\">\n\t\t\t\t<div class=\"elementor-element elementor-element-44b2d92 elementor-widget elementor-widget-heading\" data-id=\"44b2d92\" data-element_type=\"widget\" data-widget_type=\"heading.default\">\n\t\t\t\t<div class=\"elementor-widget-container\">\n\t\t\t<style>\/*! elementor - v3.23.0 - 05-08-2024 *\/\n.elementor-heading-title{padding:0;margin:0;line-height:1}.elementor-widget-heading .elementor-heading-title[class*=elementor-size-]>a{color:inherit;font-size:inherit;line-height:inherit}.elementor-widget-heading .elementor-heading-title.elementor-size-small{font-size:15px}.elementor-widget-heading .elementor-heading-title.elementor-size-medium{font-size:19px}.elementor-widget-heading .elementor-heading-title.elementor-size-large{font-size:29px}.elementor-widget-heading .elementor-heading-title.elementor-size-xl{font-size:39px}.elementor-widget-heading .elementor-heading-title.elementor-size-xxl{font-size:59px}<\/style><h1 class=\"elementor-heading-title elementor-size-default\">Charity<\/h1>\t\t<\/div>\n\t\t\t\t<\/div>\n\t\t\t\t\t<\/div>\n\t\t\t\t<\/div>\n\t\t<div class=\"elementor-element elementor-element-573e576 e-flex e-con-boxed e-con e-child\" data-id=\"573e576\" data-element_type=\"container\" data-settings=\"{&quot;position&quot;:&quot;absolute&quot;}\">\n\t\t\t\t\t<div class=\"e-con-inner\">\n\t\t\t\t<div class=\"elementor-element elementor-element-a4919bb elementor-hidden-desktop elementor-hidden-laptop elementor-hidden-tablet elementor-widget elementor-widget-heading\" data-id=\"a4919bb\" data-element_type=\"widget\" data-widget_type=\"heading.default\">\n\t\t\t\t<div class=\"elementor-widget-container\">\n\t\t\t<h1 class=\"elementor-heading-title elementor-size-default\">Charity<\/h1>\t\t<\/div>\n\t\t\t\t<\/div>\n\t\t\t\t\t<\/div>\n\t\t\t\t<\/div>\n\t\t\t\t<\/div>\n\t\t<div class=\"elementor-element elementor-element-978d3d2 e-flex e-con-boxed e-con e-parent\" data-id=\"978d3d2\" data-element_type=\"container\">\n\t\t\t\t\t<div class=\"e-con-inner\">\n\t\t<div class=\"elementor-element elementor-element-342e524 e-con-full e-flex elementor-invisible e-con e-child\" data-id=\"342e524\" data-element_type=\"container\" data-settings=\"{&quot;animation&quot;:&quot;fadeInLeft&quot;}\">\n\t\t\t\t<div class=\"elementor-element elementor-element-5f334a3 elementor-widget elementor-widget-heading\" data-id=\"5f334a3\" data-element_type=\"widget\" data-widget_type=\"heading.default\">\n\t\t\t\t<div class=\"elementor-widget-container\">\n\t\t\t<h3 class=\"elementor-heading-title elementor-size-default\">Gemeinsam stark \u2013 wirklich etwas bewegen<\/h3>\t\t<\/div>\n\t\t\t\t<\/div>\n\t\t\t\t<div class=\"elementor-element elementor-element-5428b5b elementor-widget elementor-widget-text-editor\" data-id=\"5428b5b\" data-element_type=\"widget\" data-widget_type=\"text-editor.default\">\n\t\t\t\t<div class=\"elementor-widget-container\">\n\t\t\t<style>\/*! elementor - v3.23.0 - 05-08-2024 *\/\n.elementor-widget-text-editor.elementor-drop-cap-view-stacked .elementor-drop-cap{background-color:#69727d;color:#fff}.elementor-widget-text-editor.elementor-drop-cap-view-framed .elementor-drop-cap{color:#69727d;border:3px solid;background-color:transparent}.elementor-widget-text-editor:not(.elementor-drop-cap-view-default) .elementor-drop-cap{margin-top:8px}.elementor-widget-text-editor:not(.elementor-drop-cap-view-default) .elementor-drop-cap-letter{width:1em;height:1em}.elementor-widget-text-editor .elementor-drop-cap{float:left;text-align:center;line-height:1;font-size:50px}.elementor-widget-text-editor .elementor-drop-cap-letter{display:inline-block}<\/style>\t\t\t\t<p>Zur Weihnachtszeit zeigen wir echte Verbundenheit: Wir unterst\u00fctzen mit Leidenschaft lokale Vereine, Tierheime sowie THW und Feuerwehr durch gro\u00dfz\u00fcgiges Sponsoring. Zus\u00e4tzlich f\u00f6rdern wir finanziell die hessische Boxerin Bilgenur Aras, UBF-Weltmeisterin im Bantamgewicht. Dar\u00fcber hinaus bieten wir regelm\u00e4\u00dfig kostenlose Dienstleistungen f\u00fcr bedeutende Stiftungen an. So haben wir etwa f\u00fcr die Nelson Mandela Stiftung einen exklusiven Fahrservice realisiert, um Prominente sicher und stilvoll zu den entsprechenden Events zu bringen.<\/p>\t\t\t\t\t\t<\/div>\n\t\t\t\t<\/div>\n\t\t\t\t<\/div>\n\t\t<div class=\"elementor-element elementor-element-1186656 e-con-full e-flex elementor-invisible e-con e-child\" data-id=\"1186656\" data-element_type=\"container\" data-settings=\"{&quot;animation&quot;:&quot;fadeInRight&quot;}\">\n\t\t\t\t<div class=\"elementor-element elementor-element-ef3fa3b elementor-widget elementor-widget-image\" data-id=\"ef3fa3b\" data-element_type=\"widget\" data-widget_type=\"image.default\">\n\t\t\t\t<div class=\"elementor-widget-container\">\n\t\t\t\t\t\t\t\t\t\t\t\t\t<img decoding=\"async\" width=\"768\" height=\"1024\" src=\"https:\/\/kunden.wilkom.net\/pasecon\/wp-content\/uploads\/2024\/08\/daniel-gala-768x1024.jpg\" class=\"attachment-large size-large wp-image-1438\" alt=\"Daniel Schneider auf Gala\" srcset=\"https:\/\/kunden.wilkom.net\/pasecon\/wp-content\/uploads\/2024\/08\/daniel-gala-768x1024.jpg 768w, https:\/\/kunden.wilkom.net\/pasecon\/wp-content\/uploads\/2024\/08\/daniel-gala-225x300.jpg 225w, https:\/\/kunden.wilkom.net\/pasecon\/wp-content\/uploads\/2024\/08\/daniel-gala.jpg 1125w\" sizes=\"(max-width: 768px) 100vw, 768px\" \/>\t\t\t\t\t\t\t\t\t\t\t\t\t<\/div>\n\t\t\t\t<\/div>\n\t\t\t\t<\/div>\n\t\t\t\t\t<\/div>\n\t\t\t\t<\/div>\n\t\t<div class=\"elementor-element elementor-element-3a829b0 e-flex e-con-boxed e-con e-parent\" data-id=\"3a829b0\" data-element_type=\"container\">\n\t\t\t\t\t<div class=\"e-con-inner\">\n\t\t\t\t<div class=\"elementor-element elementor-element-193c2af elementor-widget elementor-widget-heading\" data-id=\"193c2af\" data-element_type=\"widget\" data-widget_type=\"heading.default\">\n\t\t\t\t<div class=\"elementor-widget-container\">\n\t\t\t<h3 class=\"elementor-heading-title elementor-size-default\">Wir unterst\u00fctzen:<\/h3>\t\t<\/div>\n\t\t\t\t<\/div>\n\t\t\t\t\t<\/div>\n\t\t\t\t<\/div>\n\t\t<div class=\"elementor-element elementor-element-8c1cddd e-grid e-con-boxed e-con e-parent\" data-id=\"8c1cddd\" data-element_type=\"container\">\n\t\t\t\t\t<div class=\"e-con-inner\">\n\t\t\t\t<div class=\"elementor-element elementor-element-888f20d elementor-widget elementor-widget-image\" data-id=\"888f20d\" data-element_type=\"widget\" data-widget_type=\"image.default\">\n\t\t\t\t<div class=\"elementor-widget-container\">\n\t\t\t\t\t\t\t\t\t\t\t\t\t\t<a href=\"https:\/\/feuerwehr-erlensee.de\/\" target=\"_blank\">\n\t\t\t\t\t\t\t<img decoding=\"async\" width=\"431\" height=\"117\" src=\"https:\/\/kunden.wilkom.net\/pasecon\/wp-content\/uploads\/2024\/07\/feuerwehr-erlensee.jpg\" class=\"attachment-large size-large wp-image-515\" alt=\"\" srcset=\"https:\/\/kunden.wilkom.net\/pasecon\/wp-content\/uploads\/2024\/07\/feuerwehr-erlensee.jpg 431w, https:\/\/kunden.wilkom.net\/pasecon\/wp-content\/uploads\/2024\/07\/feuerwehr-erlensee-300x81.jpg 300w\" sizes=\"(max-width: 431px) 100vw, 431px\" \/>\t\t\t\t\t\t\t\t<\/a>\n\t\t\t\t\t\t\t\t\t\t\t\t\t<\/div>\n\t\t\t\t<\/div>\n\t\t\t\t<div class=\"elementor-element elementor-element-0bc1269 elementor-widget elementor-widget-image\" data-id=\"0bc1269\" data-element_type=\"widget\" data-widget_type=\"image.default\">\n\t\t\t\t<div class=\"elementor-widget-container\">\n\t\t\t\t\t\t\t\t\t\t\t\t\t\t<a href=\"https:\/\/tierheim-gelnhausen.org\/\" target=\"_blank\">\n\t\t\t\t\t\t\t<img loading=\"lazy\" decoding=\"async\" width=\"180\" height=\"118\" src=\"https:\/\/kunden.wilkom.net\/pasecon\/wp-content\/uploads\/2024\/07\/TierheimGelnhausen_WeblogoV1.png\" class=\"attachment-large size-large wp-image-517\" alt=\"\" \/>\t\t\t\t\t\t\t\t<\/a>\n\t\t\t\t\t\t\t\t\t\t\t\t\t<\/div>\n\t\t\t\t<\/div>\n\t\t\t\t<div class=\"elementor-element elementor-element-4af9323 elementor-widget elementor-widget-image\" data-id=\"4af9323\" data-element_type=\"widget\" data-widget_type=\"image.default\">\n\t\t\t\t<div class=\"elementor-widget-container\">\n\t\t\t\t\t\t\t\t\t\t\t\t\t\t<a href=\"https:\/\/ov-erlensee.thw.de\/\" target=\"_blank\">\n\t\t\t\t\t\t\t<img loading=\"lazy\" decoding=\"async\" width=\"800\" height=\"800\" src=\"https:\/\/kunden.wilkom.net\/pasecon\/wp-content\/uploads\/2024\/07\/1200px-THW.svg-Kopie-1024x1024.png\" class=\"attachment-large size-large wp-image-520\" alt=\"\" srcset=\"https:\/\/kunden.wilkom.net\/pasecon\/wp-content\/uploads\/2024\/07\/1200px-THW.svg-Kopie-1024x1024.png 1024w, https:\/\/kunden.wilkom.net\/pasecon\/wp-content\/uploads\/2024\/07\/1200px-THW.svg-Kopie-300x300.png 300w, https:\/\/kunden.wilkom.net\/pasecon\/wp-content\/uploads\/2024\/07\/1200px-THW.svg-Kopie-150x150.png 150w, https:\/\/kunden.wilkom.net\/pasecon\/wp-content\/uploads\/2024\/07\/1200px-THW.svg-Kopie-768x768.png 768w, https:\/\/kunden.wilkom.net\/pasecon\/wp-content\/uploads\/2024\/07\/1200px-THW.svg-Kopie.png 1200w\" sizes=\"(max-width: 800px) 100vw, 800px\" \/>\t\t\t\t\t\t\t\t<\/a>\n\t\t\t\t\t\t\t\t\t\t\t\t\t<\/div>\n\t\t\t\t<\/div>\n\t\t\t\t<div class=\"elementor-element elementor-element-4350f89 elementor-widget elementor-widget-image\" data-id=\"4350f89\" data-element_type=\"widget\" data-widget_type=\"image.default\">\n\t\t\t\t<div class=\"elementor-widget-container\">\n\t\t\t\t\t\t\t\t\t\t\t\t\t\t<a href=\"https:\/\/www.laleluev.de\/lalelu-e-v\" target=\"_blank\">\n\t\t\t\t\t\t\t<img loading=\"lazy\" decoding=\"async\" width=\"800\" height=\"430\" src=\"https:\/\/kunden.wilkom.net\/pasecon\/wp-content\/uploads\/2024\/07\/logo_lalelu_ev-1024x551.webp\" class=\"attachment-large size-large wp-image-519\" alt=\"\" srcset=\"https:\/\/kunden.wilkom.net\/pasecon\/wp-content\/uploads\/2024\/07\/logo_lalelu_ev-1024x551.webp 1024w, https:\/\/kunden.wilkom.net\/pasecon\/wp-content\/uploads\/2024\/07\/logo_lalelu_ev-300x162.webp 300w, https:\/\/kunden.wilkom.net\/pasecon\/wp-content\/uploads\/2024\/07\/logo_lalelu_ev-768x414.webp 768w, https:\/\/kunden.wilkom.net\/pasecon\/wp-content\/uploads\/2024\/07\/logo_lalelu_ev.webp 1300w\" sizes=\"(max-width: 800px) 100vw, 800px\" \/>\t\t\t\t\t\t\t\t<\/a>\n\t\t\t\t\t\t\t\t\t\t\t\t\t<\/div>\n\t\t\t\t<\/div>\n\t\t\t\t<div class=\"elementor-element elementor-element-c289b1a elementor-widget elementor-widget-image\" data-id=\"c289b1a\" data-element_type=\"widget\" data-widget_type=\"image.default\">\n\t\t\t\t<div class=\"elementor-widget-container\">\n\t\t\t\t\t\t\t\t\t\t\t\t\t\t<a href=\"https:\/\/www.vogelschutz-erlensee.de\/\" target=\"_blank\">\n\t\t\t\t\t\t\t<img loading=\"lazy\" decoding=\"async\" width=\"162\" height=\"188\" src=\"https:\/\/kunden.wilkom.net\/pasecon\/wp-content\/uploads\/2024\/07\/vogelschutzpark_erlensee.png\" class=\"attachment-large size-large wp-image-516\" alt=\"\" \/>\t\t\t\t\t\t\t\t<\/a>\n\t\t\t\t\t\t\t\t\t\t\t\t\t<\/div>\n\t\t\t\t<\/div>\n\t\t\t\t<div class=\"elementor-element elementor-element-8d525ec elementor-widget elementor-widget-image\" data-id=\"8d525ec\" data-element_type=\"widget\" data-widget_type=\"image.default\">\n\t\t\t\t<div class=\"elementor-widget-container\">\n\t\t\t\t\t\t\t\t\t\t\t\t\t\t<a href=\"https:\/\/fcerlensee.de\/\" target=\"_blank\">\n\t\t\t\t\t\t\t<img loading=\"lazy\" decoding=\"async\" width=\"260\" height=\"315\" src=\"https:\/\/kunden.wilkom.net\/pasecon\/wp-content\/uploads\/2024\/07\/logo_fc_erlensee.jpg\" class=\"attachment-large size-large wp-image-522\" alt=\"\" srcset=\"https:\/\/kunden.wilkom.net\/pasecon\/wp-content\/uploads\/2024\/07\/logo_fc_erlensee.jpg 260w, https:\/\/kunden.wilkom.net\/pasecon\/wp-content\/uploads\/2024\/07\/logo_fc_erlensee-248x300.jpg 248w\" sizes=\"(max-width: 260px) 100vw, 260px\" \/>\t\t\t\t\t\t\t\t<\/a>\n\t\t\t\t\t\t\t\t\t\t\t\t\t<\/div>\n\t\t\t\t<\/div>\n\t\t\t\t<div class=\"elementor-element elementor-element-83820ad elementor-widget elementor-widget-image\" data-id=\"83820ad\" data-element_type=\"widget\" data-widget_type=\"image.default\">\n\t\t\t\t<div class=\"elementor-widget-container\">\n\t\t\t\t\t\t\t\t\t\t\t\t\t\t<a href=\"https:\/\/www.ac-kinzigtal.de\/oldtimer\/\" target=\"_blank\">\n\t\t\t\t\t\t\t<img loading=\"lazy\" decoding=\"async\" width=\"603\" height=\"600\" src=\"https:\/\/kunden.wilkom.net\/pasecon\/wp-content\/uploads\/2024\/08\/ACK-Logo.jpg\" class=\"attachment-large size-large wp-image-1651\" alt=\"\" srcset=\"https:\/\/kunden.wilkom.net\/pasecon\/wp-content\/uploads\/2024\/08\/ACK-Logo.jpg 603w, https:\/\/kunden.wilkom.net\/pasecon\/wp-content\/uploads\/2024\/08\/ACK-Logo-300x300.jpg 300w, https:\/\/kunden.wilkom.net\/pasecon\/wp-content\/uploads\/2024\/08\/ACK-Logo-150x150.jpg 150w\" sizes=\"(max-width: 603px) 100vw, 603px\" \/>\t\t\t\t\t\t\t\t<\/a>\n\t\t\t\t\t\t\t\t\t\t\t\t\t<\/div>\n\t\t\t\t<\/div>\n\t\t\t\t<div class=\"elementor-element elementor-element-95b3351 elementor-widget elementor-widget-image\" data-id=\"95b3351\" data-element_type=\"widget\" data-widget_type=\"image.default\">\n\t\t\t\t<div class=\"elementor-widget-container\">\n\t\t\t\t\t\t\t\t\t\t\t\t\t\t<a href=\"http:\/\/homepage.tierrefugium.de\/\" target=\"_blank\">\n\t\t\t\t\t\t\t<img loading=\"lazy\" decoding=\"async\" width=\"671\" height=\"265\" src=\"https:\/\/kunden.wilkom.net\/pasecon\/wp-content\/uploads\/2024\/07\/tierrefugium_hanau.jpg\" class=\"attachment-large size-large wp-image-518\" alt=\"\" srcset=\"https:\/\/kunden.wilkom.net\/pasecon\/wp-content\/uploads\/2024\/07\/tierrefugium_hanau.jpg 671w, https:\/\/kunden.wilkom.net\/pasecon\/wp-content\/uploads\/2024\/07\/tierrefugium_hanau-300x118.jpg 300w\" sizes=\"(max-width: 671px) 100vw, 671px\" \/>\t\t\t\t\t\t\t\t<\/a>\n\t\t\t\t\t\t\t\t\t\t\t\t\t<\/div>\n\t\t\t\t<\/div>\n\t\t\t\t\t<\/div>\n\t\t\t\t<\/div>\n\t\t<div class=\"elementor-element elementor-element-dd8fa08 e-flex e-con-boxed e-con e-parent\" data-id=\"dd8fa08\" data-element_type=\"container\">\n\t\t\t\t\t<div class=\"e-con-inner\">\n\t\t\t\t<div class=\"elementor-element elementor-element-2cebded elementor-widget elementor-widget-heading\" data-id=\"2cebded\" data-element_type=\"widget\" data-widget_type=\"heading.default\">\n\t\t\t\t<div class=\"elementor-widget-container\">\n\t\t\t<h3 class=\"elementor-heading-title elementor-size-default\">Sponsoring<\/h3>\t\t<\/div>\n\t\t\t\t<\/div>\n\t\t\t\t\t<\/div>\n\t\t\t\t<\/div>\n\t\t<div class=\"elementor-element elementor-element-b189fc5 e-flex e-con-boxed e-con e-parent\" data-id=\"b189fc5\" data-element_type=\"container\">\n\t\t\t\t\t<div class=\"e-con-inner\">\n\t\t<div class=\"elementor-element elementor-element-115fa02 e-con-full e-flex e-con e-child\" data-id=\"115fa02\" data-element_type=\"container\">\n\t\t\t\t<div class=\"elementor-element elementor-element-221284d elementor-widget elementor-widget-text-editor\" data-id=\"221284d\" data-element_type=\"widget\" data-widget_type=\"text-editor.default\">\n\t\t\t\t<div class=\"elementor-widget-container\">\n\t\t\t\t\t\t\t<p class=\"MsoNormal\">Seit 2023 sponsoren wir die junge Boxerin Bilgenur \u201eBilgi\u201c Aras alias <a href=\"https:\/\/www.instagram.com\/puncherrella.069\/?hl=de\" target=\"_blank\" rel=\"noopener\">@puncherella.069<\/a><\/p><p class=\"MsoNormal\">Infos findest Du in <a href=\"https:\/\/kunden.wilkom.net\/pasecon\/wp-content\/uploads\/2024\/08\/Podiumsdiskussion.pdf\" target=\"_blank\" rel=\"noopener\">diesem PDF<\/a><\/p>\t\t\t\t\t\t<\/div>\n\t\t\t\t<\/div>\n\t\t\t\t<\/div>\n\t\t<div class=\"elementor-element elementor-element-0b254d5 e-con-full e-flex e-con e-child\" data-id=\"0b254d5\" data-element_type=\"container\">\n\t\t\t\t<div class=\"elementor-element elementor-element-de9ce67 elementor-widget elementor-widget-image\" data-id=\"de9ce67\" data-element_type=\"widget\" data-widget_type=\"image.default\">\n\t\t\t\t<div class=\"elementor-widget-container\">\n\t\t\t\t\t\t\t\t\t\t\t\t\t<img loading=\"lazy\" decoding=\"async\" width=\"800\" height=\"625\" src=\"https:\/\/kunden.wilkom.net\/pasecon\/wp-content\/uploads\/2024\/07\/daniel-sponsoring-1024x800.jpg\" class=\"attachment-large size-large wp-image-527\" alt=\"\" srcset=\"https:\/\/kunden.wilkom.net\/pasecon\/wp-content\/uploads\/2024\/07\/daniel-sponsoring-1024x800.jpg 1024w, https:\/\/kunden.wilkom.net\/pasecon\/wp-content\/uploads\/2024\/07\/daniel-sponsoring-300x234.jpg 300w, https:\/\/kunden.wilkom.net\/pasecon\/wp-content\/uploads\/2024\/07\/daniel-sponsoring-768x600.jpg 768w, https:\/\/kunden.wilkom.net\/pasecon\/wp-content\/uploads\/2024\/07\/daniel-sponsoring.jpg 1500w\" sizes=\"(max-width: 800px) 100vw, 800px\" \/>\t\t\t\t\t\t\t\t\t\t\t\t\t<\/div>\n\t\t\t\t<\/div>\n\t\t\t\t<\/div>\n\t\t\t\t\t<\/div>\n\t\t\t\t<\/div>\n\t\t<div class=\"elementor-element elementor-element-085ffd5 e-transform e-flex e-con-boxed e-con e-parent\" data-id=\"085ffd5\" data-element_type=\"container\" data-settings=\"{&quot;_transform_translateY_effect&quot;:{&quot;unit&quot;:&quot;px&quot;,&quot;size&quot;:-134,&quot;sizes&quot;:[]},&quot;_transform_translateY_effect_tablet&quot;:{&quot;unit&quot;:&quot;px&quot;,&quot;size&quot;:-36,&quot;sizes&quot;:[]},&quot;_transform_translateX_effect&quot;:{&quot;unit&quot;:&quot;px&quot;,&quot;size&quot;:&quot;&quot;,&quot;sizes&quot;:[]},&quot;_transform_translateX_effect_laptop&quot;:{&quot;unit&quot;:&quot;px&quot;,&quot;size&quot;:&quot;&quot;,&quot;sizes&quot;:[]},&quot;_transform_translateX_effect_tablet&quot;:{&quot;unit&quot;:&quot;px&quot;,&quot;size&quot;:&quot;&quot;,&quot;sizes&quot;:[]},&quot;_transform_translateX_effect_mobile&quot;:{&quot;unit&quot;:&quot;px&quot;,&quot;size&quot;:&quot;&quot;,&quot;sizes&quot;:[]},&quot;_transform_translateY_effect_laptop&quot;:{&quot;unit&quot;:&quot;px&quot;,&quot;size&quot;:&quot;&quot;,&quot;sizes&quot;:[]},&quot;_transform_translateY_effect_mobile&quot;:{&quot;unit&quot;:&quot;px&quot;,&quot;size&quot;:&quot;&quot;,&quot;sizes&quot;:[]}}\">\n\t\t\t\t\t<div class=\"e-con-inner\">\n\t\t<div class=\"elementor-element elementor-element-db9eef5 e-con-full e-flex e-con e-child\" data-id=\"db9eef5\" data-element_type=\"container\">\n\t\t\t\t<div class=\"elementor-element elementor-element-11cc09d elementor-widget elementor-widget-image\" data-id=\"11cc09d\" data-element_type=\"widget\" data-widget_type=\"image.default\">\n\t\t\t\t<div class=\"elementor-widget-container\">\n\t\t\t\t\t\t\t\t\t\t\t\t\t<img loading=\"lazy\" decoding=\"async\" width=\"800\" height=\"600\" src=\"https:\/\/kunden.wilkom.net\/pasecon\/wp-content\/uploads\/2024\/07\/pasecon-fussball-charity-1024x768.jpg\" class=\"attachment-large size-large wp-image-534\" alt=\"\" srcset=\"https:\/\/kunden.wilkom.net\/pasecon\/wp-content\/uploads\/2024\/07\/pasecon-fussball-charity-1024x768.jpg 1024w, https:\/\/kunden.wilkom.net\/pasecon\/wp-content\/uploads\/2024\/07\/pasecon-fussball-charity-300x225.jpg 300w, https:\/\/kunden.wilkom.net\/pasecon\/wp-content\/uploads\/2024\/07\/pasecon-fussball-charity-768x576.jpg 768w, https:\/\/kunden.wilkom.net\/pasecon\/wp-content\/uploads\/2024\/07\/pasecon-fussball-charity.jpg 1500w\" sizes=\"(max-width: 800px) 100vw, 800px\" \/>\t\t\t\t\t\t\t\t\t\t\t\t\t<\/div>\n\t\t\t\t<\/div>\n\t\t\t\t<\/div>\n\t\t<div class=\"elementor-element elementor-element-51e29d7 e-con-full e-flex e-con e-child\" data-id=\"51e29d7\" data-element_type=\"container\">\n\t\t\t\t<div class=\"elementor-element elementor-element-272ef2f elementor-widget elementor-widget-text-editor\" data-id=\"272ef2f\" data-element_type=\"widget\" data-widget_type=\"text-editor.default\">\n\t\t\t\t<div class=\"elementor-widget-container\">\n\t\t\t\t\t\t\t<p>Die Jugendmeisterschaft der U17 freut sich riesig mit PASECON ein ortsans\u00e4ssiges Unternehmen gefunden zu haben, das die Mannschaft auf Ihrem Weg durch die Hessenliga mit neuen Trikots begleitet.<\/p>\t\t\t\t\t\t<\/div>\n\t\t\t\t<\/div>\n\t\t\t\t<\/div>\n\t\t\t\t\t<\/div>\n\t\t\t\t<\/div>\n\t\t<div class=\"elementor-element elementor-element-4367d6e e-flex e-con-boxed e-con e-parent\" data-id=\"4367d6e\" data-element_type=\"container\">\n\t\t\t\t\t<div class=\"e-con-inner\">\n\t\t\t\t<div class=\"elementor-element elementor-element-c6b6d14 elementor-widget elementor-widget-spacer\" data-id=\"c6b6d14\" data-element_type=\"widget\" data-widget_type=\"spacer.default\">\n\t\t\t\t<div class=\"elementor-widget-container\">\n\t\t\t<style>\/*! elementor - v3.23.0 - 05-08-2024 *\/\n.elementor-column .elementor-spacer-inner{height:var(--spacer-size)}.e-con{--container-widget-width:100%}.e-con-inner>.elementor-widget-spacer,.e-con>.elementor-widget-spacer{width:var(--container-widget-width,var(--spacer-size));--align-self:var(--container-widget-align-self,initial);--flex-shrink:0}.e-con-inner>.elementor-widget-spacer>.elementor-widget-container,.e-con>.elementor-widget-spacer>.elementor-widget-container{height:100%;width:100%}.e-con-inner>.elementor-widget-spacer>.elementor-widget-container>.elementor-spacer,.e-con>.elementor-widget-spacer>.elementor-widget-container>.elementor-spacer{height:100%}.e-con-inner>.elementor-widget-spacer>.elementor-widget-container>.elementor-spacer>.elementor-spacer-inner,.e-con>.elementor-widget-spacer>.elementor-widget-container>.elementor-spacer>.elementor-spacer-inner{height:var(--container-widget-height,var(--spacer-size))}.e-con-inner>.elementor-widget-spacer.elementor-widget-empty,.e-con>.elementor-widget-spacer.elementor-widget-empty{position:relative;min-height:22px;min-width:22px}.e-con-inner>.elementor-widget-spacer.elementor-widget-empty .elementor-widget-empty-icon,.e-con>.elementor-widget-spacer.elementor-widget-empty .elementor-widget-empty-icon{position:absolute;top:0;bottom:0;left:0;right:0;margin:auto;padding:0;width:22px;height:22px}<\/style>\t\t<div class=\"elementor-spacer\">\n\t\t\t<div class=\"elementor-spacer-inner\"><\/div>\n\t\t<\/div>\n\t\t\t\t<\/div>\n\t\t\t\t<\/div>\n\t\t\t\t\t<\/div>\n\t\t\t\t<\/div>\n\t\t\t\t<\/div>\n\t\t","protected":false},"excerpt":{"rendered":"<p>Charity Charity Gemeinsam stark \u2013 wirklich etwas bewegen Zur Weihnachtszeit zeigen wir echte Verbundenheit: Wir unterst\u00fctzen mit Leidenschaft lokale Vereine, Tierheime sowie THW und Feuerwehr durch gro\u00dfz\u00fcgiges Sponsoring. Zus\u00e4tzlich f\u00f6rdern wir finanziell die hessische Boxerin Bilgenur Aras, UBF-Weltmeisterin im Bantamgewicht. Dar\u00fcber hinaus bieten wir regelm\u00e4\u00dfig kostenlose Dienstleistungen f\u00fcr bedeutende Stiftungen an. So haben wir etwa [&hellip;]<\/p>\n","protected":false},"author":1,"featured_media":0,"parent":0,"menu_order":0,"comment_status":"closed","ping_status":"closed","template":"","meta":{"footnotes":""},"class_list":["post-513","page","type-page","status-publish","hentry"],"_links":{"self":[{"href":"https:\/\/kunden.wilkom.net\/pasecon\/wp-json\/wp\/v2\/pages\/513","targetHints":{"allow":["GET"]}}],"collection":[{"href":"https:\/\/kunden.wilkom.net\/pasecon\/wp-json\/wp\/v2\/pages"}],"about":[{"href":"https:\/\/kunden.wilkom.net\/pasecon\/wp-json\/wp\/v2\/types\/page"}],"author":[{"embeddable":true,"href":"https:\/\/kunden.wilkom.net\/pasecon\/wp-json\/wp\/v2\/users\/1"}],"replies":[{"embeddable":true,"href":"https:\/\/kunden.wilkom.net\/pasecon\/wp-json\/wp\/v2\/comments?post=513"}],"version-history":[{"count":78,"href":"https:\/\/kunden.wilkom.net\/pasecon\/wp-json\/wp\/v2\/pages\/513\/revisions"}],"predecessor-version":[{"id":1661,"href":"https:\/\/kunden.wilkom.net\/pasecon\/wp-json\/wp\/v2\/pages\/513\/revisions\/1661"}],"wp:attachment":[{"href":"https:\/\/kunden.wilkom.net\/pasecon\/wp-json\/wp\/v2\/media?parent=513"}],"curies":[{"name":"wp","href":"https:\/\/api.w.org\/{rel}","templated":true}]}}