{"id":1637,"date":"2024-08-07T14:25:52","date_gmt":"2024-08-07T12:25:52","guid":{"rendered":"https:\/\/kunden.wilkom.net\/pasecon\/?page_id=1637"},"modified":"2024-08-07T15:05:19","modified_gmt":"2024-08-07T13:05:19","slug":"brennstoffvermittlung","status":"publish","type":"page","link":"https:\/\/kunden.wilkom.net\/pasecon\/brennstoffvermittlung\/","title":{"rendered":"Brennstoffvermittlung"},"content":{"rendered":"\t\t<div data-elementor-type=\"wp-page\" data-elementor-id=\"1637\" class=\"elementor elementor-1637\" data-elementor-post-type=\"page\">\n\t\t\t\t<div class=\"elementor-element elementor-element-70867bd e-con-full e-flex e-con e-parent\" data-id=\"70867bd\" data-element_type=\"container\">\n\t\t\t\t<div class=\"elementor-element elementor-element-b531c0b elementor-absolute e-transform elementor-hidden-mobile elementor-hidden-tablet elementor-view-default elementor-widget elementor-widget-icon\" data-id=\"b531c0b\" data-element_type=\"widget\" data-settings=\"{&quot;_position&quot;:&quot;absolute&quot;,&quot;_transform_translateX_effect&quot;:{&quot;unit&quot;:&quot;%&quot;,&quot;size&quot;:-50,&quot;sizes&quot;:[]},&quot;_transform_translateX_effect_laptop&quot;:{&quot;unit&quot;:&quot;%&quot;,&quot;size&quot;:&quot;&quot;,&quot;sizes&quot;:[]},&quot;_transform_translateX_effect_tablet&quot;:{&quot;unit&quot;:&quot;%&quot;,&quot;size&quot;:&quot;&quot;,&quot;sizes&quot;:[]},&quot;_transform_translateX_effect_mobile&quot;:{&quot;unit&quot;:&quot;%&quot;,&quot;size&quot;:&quot;&quot;,&quot;sizes&quot;:[]},&quot;_transform_translateY_effect&quot;:{&quot;unit&quot;:&quot;px&quot;,&quot;size&quot;:&quot;&quot;,&quot;sizes&quot;:[]},&quot;_transform_translateY_effect_laptop&quot;:{&quot;unit&quot;:&quot;px&quot;,&quot;size&quot;:&quot;&quot;,&quot;sizes&quot;:[]},&quot;_transform_translateY_effect_tablet&quot;:{&quot;unit&quot;:&quot;px&quot;,&quot;size&quot;:&quot;&quot;,&quot;sizes&quot;:[]},&quot;_transform_translateY_effect_mobile&quot;:{&quot;unit&quot;:&quot;px&quot;,&quot;size&quot;:&quot;&quot;,&quot;sizes&quot;:[]}}\" data-widget_type=\"icon.default\">\n\t\t\t\t<div class=\"elementor-widget-container\">\n\t\t\t\t\t<div class=\"elementor-icon-wrapper\">\n\t\t\t<div class=\"elementor-icon\">\n\t\t\t<svg aria-hidden=\"true\" class=\"e-font-icon-svg e-fas-arrow-down\" viewBox=\"0 0 448 512\" xmlns=\"http:\/\/www.w3.org\/2000\/svg\"><path d=\"M413.1 222.5l22.2 22.2c9.4 9.4 9.4 24.6 0 33.9L241 473c-9.4 9.4-24.6 9.4-33.9 0L12.7 278.6c-9.4-9.4-9.4-24.6 0-33.9l22.2-22.2c9.5-9.5 25-9.3 34.3.4L184 343.4V56c0-13.3 10.7-24 24-24h32c13.3 0 24 10.7 24 24v287.4l114.8-120.5c9.3-9.8 24.8-10 34.3-.4z\"><\/path><\/svg>\t\t\t<\/div>\n\t\t<\/div>\n\t\t\t\t<\/div>\n\t\t\t\t<\/div>\n\t\t\t\t<div class=\"elementor-element elementor-element-802422e elementor-widget elementor-widget-image\" data-id=\"802422e\" data-element_type=\"widget\" data-widget_type=\"image.default\">\n\t\t\t\t<div class=\"elementor-widget-container\">\n\t\t\t<style>\/*! elementor - v3.23.0 - 05-08-2024 *\/\n.elementor-widget-image{text-align:center}.elementor-widget-image a{display:inline-block}.elementor-widget-image a img[src$=\".svg\"]{width:48px}.elementor-widget-image img{vertical-align:middle;display:inline-block}<\/style>\t\t\t\t\t\t\t\t\t\t<img fetchpriority=\"high\" decoding=\"async\" width=\"1500\" height=\"1000\" src=\"https:\/\/kunden.wilkom.net\/pasecon\/wp-content\/uploads\/2024\/08\/gasschiff.jpg\" class=\"attachment-full size-full wp-image-1601\" alt=\"Containerschiff mit Gastanks\" srcset=\"https:\/\/kunden.wilkom.net\/pasecon\/wp-content\/uploads\/2024\/08\/gasschiff.jpg 1500w, https:\/\/kunden.wilkom.net\/pasecon\/wp-content\/uploads\/2024\/08\/gasschiff-300x200.jpg 300w, https:\/\/kunden.wilkom.net\/pasecon\/wp-content\/uploads\/2024\/08\/gasschiff-1024x683.jpg 1024w, https:\/\/kunden.wilkom.net\/pasecon\/wp-content\/uploads\/2024\/08\/gasschiff-768x512.jpg 768w\" sizes=\"(max-width: 1500px) 100vw, 1500px\" \/>\t\t\t\t\t\t\t\t\t\t\t\t\t<\/div>\n\t\t\t\t<\/div>\n\t\t<div class=\"elementor-element elementor-element-90e78a6 elementor-hidden-mobile e-flex e-con-boxed e-con e-child\" data-id=\"90e78a6\" data-element_type=\"container\" id=\"desk-headline\" data-settings=\"{&quot;position&quot;:&quot;absolute&quot;}\">\n\t\t\t\t\t<div class=\"e-con-inner\">\n\t\t\t\t<div class=\"elementor-element elementor-element-44b2d92 elementor-widget elementor-widget-heading\" data-id=\"44b2d92\" data-element_type=\"widget\" data-widget_type=\"heading.default\">\n\t\t\t\t<div class=\"elementor-widget-container\">\n\t\t\t<style>\/*! elementor - v3.23.0 - 05-08-2024 *\/\n.elementor-heading-title{padding:0;margin:0;line-height:1}.elementor-widget-heading .elementor-heading-title[class*=elementor-size-]>a{color:inherit;font-size:inherit;line-height:inherit}.elementor-widget-heading .elementor-heading-title.elementor-size-small{font-size:15px}.elementor-widget-heading .elementor-heading-title.elementor-size-medium{font-size:19px}.elementor-widget-heading .elementor-heading-title.elementor-size-large{font-size:29px}.elementor-widget-heading .elementor-heading-title.elementor-size-xl{font-size:39px}.elementor-widget-heading .elementor-heading-title.elementor-size-xxl{font-size:59px}<\/style><h1 class=\"elementor-heading-title elementor-size-default\">Brennstoffvermittlung<\/h1>\t\t<\/div>\n\t\t\t\t<\/div>\n\t\t\t\t\t<\/div>\n\t\t\t\t<\/div>\n\t\t<div class=\"elementor-element elementor-element-573e576 e-flex e-con-boxed e-con e-child\" data-id=\"573e576\" data-element_type=\"container\" data-settings=\"{&quot;position&quot;:&quot;absolute&quot;}\">\n\t\t\t\t\t<div class=\"e-con-inner\">\n\t\t\t\t<div class=\"elementor-element elementor-element-a4919bb elementor-hidden-desktop elementor-hidden-laptop elementor-hidden-tablet elementor-widget elementor-widget-heading\" data-id=\"a4919bb\" data-element_type=\"widget\" data-widget_type=\"heading.default\">\n\t\t\t\t<div class=\"elementor-widget-container\">\n\t\t\t<h1 class=\"elementor-heading-title elementor-size-default\">Brennstoff-<br>vermittlung<\/h1>\t\t<\/div>\n\t\t\t\t<\/div>\n\t\t\t\t\t<\/div>\n\t\t\t\t<\/div>\n\t\t\t\t<\/div>\n\t\t<div class=\"elementor-element elementor-element-2ce1d2e e-flex e-con-boxed e-con e-parent\" data-id=\"2ce1d2e\" data-element_type=\"container\">\n\t\t\t\t\t<div class=\"e-con-inner\">\n\t\t<div class=\"elementor-element elementor-element-6d995b7 e-con-full e-flex e-con e-child\" data-id=\"6d995b7\" data-element_type=\"container\">\n\t\t\t\t<div class=\"elementor-element elementor-element-ec82635 elementor-absolute elementor-hidden-tablet elementor-hidden-mobile elementor-invisible elementor-widget elementor-widget-image\" data-id=\"ec82635\" data-element_type=\"widget\" data-settings=\"{&quot;_position&quot;:&quot;absolute&quot;,&quot;_animation&quot;:&quot;fadeInRight&quot;}\" data-widget_type=\"image.default\">\n\t\t\t\t<div class=\"elementor-widget-container\">\n\t\t\t\t\t\t\t\t\t\t\t\t\t<img decoding=\"async\" width=\"800\" height=\"450\" src=\"https:\/\/kunden.wilkom.net\/pasecon\/wp-content\/uploads\/2024\/08\/gastanks-1024x576.jpg\" class=\"attachment-large size-large wp-image-1670\" alt=\"\" srcset=\"https:\/\/kunden.wilkom.net\/pasecon\/wp-content\/uploads\/2024\/08\/gastanks-1024x576.jpg 1024w, https:\/\/kunden.wilkom.net\/pasecon\/wp-content\/uploads\/2024\/08\/gastanks-300x169.jpg 300w, https:\/\/kunden.wilkom.net\/pasecon\/wp-content\/uploads\/2024\/08\/gastanks-768x432.jpg 768w, https:\/\/kunden.wilkom.net\/pasecon\/wp-content\/uploads\/2024\/08\/gastanks.jpg 1500w\" sizes=\"(max-width: 800px) 100vw, 800px\" \/>\t\t\t\t\t\t\t\t\t\t\t\t\t<\/div>\n\t\t\t\t<\/div>\n\t\t\t\t<div class=\"elementor-element elementor-element-f41202e elementor-hidden-desktop elementor-hidden-laptop elementor-invisible elementor-widget elementor-widget-image\" data-id=\"f41202e\" data-element_type=\"widget\" data-settings=\"{&quot;_animation&quot;:&quot;fadeInRight&quot;}\" data-widget_type=\"image.default\">\n\t\t\t\t<div class=\"elementor-widget-container\">\n\t\t\t\t\t\t\t\t\t\t\t\t\t<img decoding=\"async\" width=\"800\" height=\"450\" src=\"https:\/\/kunden.wilkom.net\/pasecon\/wp-content\/uploads\/2024\/08\/gastanks-1024x576.jpg\" class=\"attachment-large size-large wp-image-1670\" alt=\"\" srcset=\"https:\/\/kunden.wilkom.net\/pasecon\/wp-content\/uploads\/2024\/08\/gastanks-1024x576.jpg 1024w, https:\/\/kunden.wilkom.net\/pasecon\/wp-content\/uploads\/2024\/08\/gastanks-300x169.jpg 300w, https:\/\/kunden.wilkom.net\/pasecon\/wp-content\/uploads\/2024\/08\/gastanks-768x432.jpg 768w, https:\/\/kunden.wilkom.net\/pasecon\/wp-content\/uploads\/2024\/08\/gastanks.jpg 1500w\" sizes=\"(max-width: 800px) 100vw, 800px\" \/>\t\t\t\t\t\t\t\t\t\t\t\t\t<\/div>\n\t\t\t\t<\/div>\n\t\t<div class=\"elementor-element elementor-element-42c32cb e-con-full e-flex elementor-invisible e-con e-child\" data-id=\"42c32cb\" data-element_type=\"container\" data-settings=\"{&quot;animation&quot;:&quot;fadeInLeft&quot;}\">\n\t\t\t\t<div class=\"elementor-element elementor-element-ba4da21 elementor-widget elementor-widget-heading\" data-id=\"ba4da21\" data-element_type=\"widget\" data-widget_type=\"heading.default\">\n\t\t\t\t<div class=\"elementor-widget-container\">\n\t\t\t<h2 class=\"elementor-heading-title elementor-size-default\">Moderne Energie f\u00fcr Ihre Zukunft \u2013 mit PASECON Energy<\/h2>\t\t<\/div>\n\t\t\t\t<\/div>\n\t\t\t\t<\/div>\n\t\t<div class=\"elementor-element elementor-element-127921d e-con-full e-flex elementor-invisible e-con e-child\" data-id=\"127921d\" data-element_type=\"container\" data-settings=\"{&quot;animation&quot;:&quot;fadeInLeft&quot;}\">\n\t\t\t\t<div class=\"elementor-element elementor-element-0f00434 elementor-widget elementor-widget-text-editor\" data-id=\"0f00434\" data-element_type=\"widget\" data-widget_type=\"text-editor.default\">\n\t\t\t\t<div class=\"elementor-widget-container\">\n\t\t\t<style>\/*! elementor - v3.23.0 - 05-08-2024 *\/\n.elementor-widget-text-editor.elementor-drop-cap-view-stacked .elementor-drop-cap{background-color:#69727d;color:#fff}.elementor-widget-text-editor.elementor-drop-cap-view-framed .elementor-drop-cap{color:#69727d;border:3px solid;background-color:transparent}.elementor-widget-text-editor:not(.elementor-drop-cap-view-default) .elementor-drop-cap{margin-top:8px}.elementor-widget-text-editor:not(.elementor-drop-cap-view-default) .elementor-drop-cap-letter{width:1em;height:1em}.elementor-widget-text-editor .elementor-drop-cap{float:left;text-align:center;line-height:1;font-size:50px}.elementor-widget-text-editor .elementor-drop-cap-letter{display:inline-block}<\/style>\t\t\t\t<p>Wir bieten Ihnen zu allen \u00fcblichen Brennstoffen wie Diesel, Benzin oder Fl\u00fcssiggas eine klare Einordnung und Bewertung \u2013 vor dem Hintergrund Ihrer pers\u00f6nlichen Bedarfslage. Sie interessieren sich f\u00fcr LNG-Gas? Verst\u00e4ndlich. LNG-Gas, geliefert in praktischen Containern, ist die moderne und umweltfreundliche L\u00f6sung f\u00fcr Ihre Energiebed\u00fcrfnisse. Wir erkl\u00e4ren Ihnen alles, was Sie \u00fcber LNG-Gas wissen m\u00fcssen \u2013 von den Vorteilen bis zu den spezifischen Eigenschaften.<\/p><p>\u00a0<\/p><p>Treffen Sie die beste Entscheidung f\u00fcr Ihre Energieversorgung. Bei Fragen oder W\u00fcnschen nach konkreten L\u00f6sungen steht Ihnen unser engagiertes Team jederzeit zur Verf\u00fcgung und hilft Ihnen gerne weiter. Vertrauen Sie auf PASECON Energy \u2013 wir machen Energieversorgung einfach und zuverl\u00e4ssig.<\/p>\t\t\t\t\t\t<\/div>\n\t\t\t\t<\/div>\n\t\t\t\t<\/div>\n\t\t\t\t<\/div>\n\t\t\t\t\t<\/div>\n\t\t\t\t<\/div>\n\t\t\t\t<\/div>\n\t\t","protected":false},"excerpt":{"rendered":"<p>Brennstoffvermittlung Brennstoff-vermittlung Moderne Energie f\u00fcr Ihre Zukunft \u2013 mit PASECON Energy Wir bieten Ihnen zu allen \u00fcblichen Brennstoffen wie Diesel, Benzin oder Fl\u00fcssiggas eine klare Einordnung und Bewertung \u2013 vor dem Hintergrund Ihrer pers\u00f6nlichen Bedarfslage. Sie interessieren sich f\u00fcr LNG-Gas? Verst\u00e4ndlich. LNG-Gas, geliefert in praktischen Containern, ist die moderne und umweltfreundliche L\u00f6sung f\u00fcr Ihre Energiebed\u00fcrfnisse. [&hellip;]<\/p>\n","protected":false},"author":1,"featured_media":0,"parent":0,"menu_order":0,"comment_status":"closed","ping_status":"closed","template":"","meta":{"footnotes":""},"class_list":["post-1637","page","type-page","status-publish","hentry"],"_links":{"self":[{"href":"https:\/\/kunden.wilkom.net\/pasecon\/wp-json\/wp\/v2\/pages\/1637","targetHints":{"allow":["GET"]}}],"collection":[{"href":"https:\/\/kunden.wilkom.net\/pasecon\/wp-json\/wp\/v2\/pages"}],"about":[{"href":"https:\/\/kunden.wilkom.net\/pasecon\/wp-json\/wp\/v2\/types\/page"}],"author":[{"embeddable":true,"href":"https:\/\/kunden.wilkom.net\/pasecon\/wp-json\/wp\/v2\/users\/1"}],"replies":[{"embeddable":true,"href":"https:\/\/kunden.wilkom.net\/pasecon\/wp-json\/wp\/v2\/comments?post=1637"}],"version-history":[{"count":16,"href":"https:\/\/kunden.wilkom.net\/pasecon\/wp-json\/wp\/v2\/pages\/1637\/revisions"}],"predecessor-version":[{"id":1673,"href":"https:\/\/kunden.wilkom.net\/pasecon\/wp-json\/wp\/v2\/pages\/1637\/revisions\/1673"}],"wp:attachment":[{"href":"https:\/\/kunden.wilkom.net\/pasecon\/wp-json\/wp\/v2\/media?parent=1637"}],"curies":[{"name":"wp","href":"https:\/\/api.w.org\/{rel}","templated":true}]}}